{"id":73,"date":"2023-06-22T09:31:46","date_gmt":"2023-06-22T13:31:46","guid":{"rendered":"https:\/\/verbilogic.com\/?page_id=73"},"modified":"2026-03-12T00:39:51","modified_gmt":"2026-03-11T23:39:51","slug":"imprint","status":"publish","type":"page","link":"https:\/\/verbilogic.com\/de\/imprint\/","title":{"rendered":"Imprint"},"content":{"rendered":"<p>[et_pb_section fb_built=&#8221;1&#8243; fullwidth=&#8221;on&#8221; _builder_version=&#8221;4.21.0&#8243; _module_preset=&#8221;default&#8221; background_enable_color=&#8221;off&#8221; custom_margin=&#8221;||||false|false&#8221; custom_padding=&#8221;||||false|false&#8221; top_divider_color=&#8221;#000000&#8243; bottom_divider_style=&#8221;asymmetric3&#8243; bottom_divider_color=&#8221;#FFFFFF&#8221; global_colors_info=&#8221;{}&#8221;][et_pb_fullwidth_header title=&#8221;Imprint&#8221; subhead=&#8221;Effective Date: April 1, 2024&#8243; button_one_text=&#8221;About Us&#8221; button_one_url=&#8221;@ET-DC@eyJkeW5hbWljIjp0cnVlLCJjb250ZW50IjoicG9zdF9saW5rX3VybF9wYWdlIiwic2V0dGluZ3MiOnsicG9zdF9pZCI6IjEzMiJ9fQ==@&#8221; button_two_text=&#8221;Contact Us&#8221; button_two_url=&#8221;@ET-DC@eyJkeW5hbWljIjp0cnVlLCJjb250ZW50IjoicG9zdF9saW5rX3VybF9wYWdlIiwic2V0dGluZ3MiOnsicG9zdF9pZCI6Ijc5In19@&#8221; _builder_version=&#8221;4.27.4&#8243; _dynamic_attributes=&#8221;button_one_url,button_two_url&#8221; _module_preset=&#8221;default&#8221; title_font=&#8221;Jost||||||||&#8221; title_text_color=&#8221;#FFFFFF&#8221; title_font_size=&#8221;80px&#8221; content_font=&#8221;Jost|300|||||||&#8221; content_font_size=&#8221;20px&#8221; content_line_height=&#8221;1.8em&#8221; subhead_font=&#8221;Jost|200|||||||&#8221; subhead_text_color=&#8221;gcid-60db6a9d-0e97-4e81-9ab8-2066862fbfaf&#8221; subhead_font_size=&#8221;28px&#8221; subhead_line_height=&#8221;2em&#8221; background_color=&#8221;gcid-6d6effea-423d-43ce-b8fd-471bbe2825da&#8221; background_enable_pattern_style=&#8221;on&#8221; background_pattern_style=&#8221;scallops&#8221; custom_button_one=&#8221;on&#8221; button_one_border_width=&#8221;2px&#8221; button_one_border_radius=&#8221;30px&#8221; button_one_font=&#8221;Jost||||||||&#8221; custom_button_two=&#8221;on&#8221; button_two_border_radius=&#8221;30px&#8221; button_two_font=&#8221;Jost||||||||&#8221; custom_margin=&#8221;||||false|false&#8221; custom_padding=&#8221;||||false|false&#8221; title_text_shadow_style=&#8221;preset1&#8243; subhead_text_shadow_style=&#8221;preset4&#8243; global_colors_info=&#8221;{%22gcid-60db6a9d-0e97-4e81-9ab8-2066862fbfaf%22:%91%22scroll_down_icon_color%22,%22subhead_text_color%22%93,%22gcid-6d6effea-423d-43ce-b8fd-471bbe2825da%22:%91%22background_color%22%93}&#8221;][\/et_pb_fullwidth_header][\/et_pb_section][et_pb_section fb_built=&#8221;1&#8243; custom_padding_last_edited=&#8221;on|phone&#8221; admin_label=&#8221;About&#8221; _builder_version=&#8221;4.21.0&#8243; _module_preset=&#8221;default&#8221; background_color=&#8221;rgba(230,230,230,0.5)&#8221; custom_margin=&#8221;100px||100px||true|false&#8221; custom_padding=&#8221;100px||100px||true|&#8221; custom_padding_tablet=&#8221;0px||||false|false&#8221; custom_padding_phone=&#8221;0px||||false|false&#8221; top_divider_style=&#8221;asymmetric3&#8243; top_divider_color=&#8221;#FFFFFF&#8221; top_divider_flip=&#8221;vertical&#8221; bottom_divider_style=&#8221;asymmetric3&#8243; bottom_divider_color=&#8221;#FFFFFF&#8221; global_colors_info=&#8221;{}&#8221;][et_pb_row _builder_version=&#8221;4.16&#8243; _module_preset=&#8221;default&#8221; custom_padding=&#8221;0px||||false|false&#8221; global_colors_info=&#8221;{}&#8221;][et_pb_column type=&#8221;4_4&#8243; _builder_version=&#8221;4.16&#8243; _module_preset=&#8221;default&#8221; global_colors_info=&#8221;{}&#8221;][et_pb_text _builder_version=&#8221;4.22.2&#8243; _module_preset=&#8221;22d0da71-6393-430b-a0cd-b77dd565e85c&#8221; text_font=&#8221;Jost|200|||||||&#8221; header_font_size_tablet=&#8221;55px&#8221; header_font_size_last_edited=&#8221;off|desktop&#8221; locked=&#8221;off&#8221; global_colors_info=&#8221;{}&#8221;]<\/p>\n<p><strong><\/strong><\/p>\n<p><strong><\/strong><\/p>\n<p><strong><\/strong><\/p>\n<p><strong>verbilogic GmbH<\/strong><br \/>An der Alster 6<br \/>20099 Hamburg<br \/>Gerany<\/p>\n<p><strong>Handelsregister<\/strong>: HRB 197161<br \/><strong>Registergericht<\/strong>: Amtsgericht Hamburg<\/p>\n<p><strong>Vertreten durch<\/strong>:<br \/>Riga Rezay-Stra\u00dfburg<\/p>\n<p>&nbsp;<\/p>\n<p><strong>Kontakt:<br \/><\/strong>Telefon <span>(+49) 40 23 72 43 33 89<br \/><\/span>E-Mail <a href=\"mailto:info@verbilogic.com\">info@verbilogic.com<\/a><\/p>\n<p>Umsatzsteuer-Identifikationsnummer gem\u00e4\u00df \u00a727a Umsatzsteuergesetz:<br \/>noch in Beantragung<\/p>\n<p><strong><\/strong><\/p>\n<p><strong>Streitschlichtung<\/strong><br \/>Die Europ\u00e4ische Kommission stellt eine Plattform zur Online-Streitbeilegung (OS) bereit: https:\/\/ec.europa.eu\/consumers\/odr.<br \/>Unsere E-Mail-Adresse finden Sie oben im Impressum.<br \/>Wir sind nicht bereit oder verpflichtet, an Streitbeilegungsverfahren vor einer Verbraucherschlichtungsstelle teilzunehmen.<\/p>\n<p>&nbsp;<\/p>\n<p>[\/et_pb_text][et_pb_divider divider_position=&#8221;center&#8221; _builder_version=&#8221;4.22.1&#8243; _module_preset=&#8221;default&#8221; global_colors_info=&#8221;{}&#8221;][\/et_pb_divider][\/et_pb_column][\/et_pb_row][\/et_pb_section]<\/p>\n","protected":false},"excerpt":{"rendered":"<p>verbilogic GmbHAn der Alster 620099 HamburgGerany Handelsregister: HRB 197161Registergericht: Amtsgericht Hamburg Vertreten durch:Riga Rezay-Stra\u00dfburg &nbsp; Kontakt:Telefon (+49) 40 23 72 43 33 89E-Mail info@verbilogic.com Umsatzsteuer-Identifikationsnummer gem\u00e4\u00df \u00a727a Umsatzsteuergesetz:noch in Beantragung StreitschlichtungDie Europ\u00e4ische Kommission stellt eine Plattform zur Online-Streitbeilegung (OS) bereit: https:\/\/ec.europa.eu\/consumers\/odr.Unsere E-Mail-Adresse finden Sie oben im Impressum.Wir sind nicht bereit oder verpflichtet, an Streitbeilegungsverfahren vor [&hellip;]<\/p>\n","protected":false},"author":7,"featured_media":0,"parent":0,"menu_order":0,"comment_status":"closed","ping_status":"closed","template":"","meta":{"_et_pb_use_builder":"on","_et_pb_old_content":"","_et_gb_content_width":"","footnotes":""},"class_list":["post-73","page","type-page","status-publish","hentry"],"_links":{"self":[{"href":"https:\/\/verbilogic.com\/de\/wp-json\/wp\/v2\/pages\/73","targetHints":{"allow":["GET"]}}],"collection":[{"href":"https:\/\/verbilogic.com\/de\/wp-json\/wp\/v2\/pages"}],"about":[{"href":"https:\/\/verbilogic.com\/de\/wp-json\/wp\/v2\/types\/page"}],"author":[{"embeddable":true,"href":"https:\/\/verbilogic.com\/de\/wp-json\/wp\/v2\/users\/7"}],"replies":[{"embeddable":true,"href":"https:\/\/verbilogic.com\/de\/wp-json\/wp\/v2\/comments?post=73"}],"version-history":[{"count":5,"href":"https:\/\/verbilogic.com\/de\/wp-json\/wp\/v2\/pages\/73\/revisions"}],"predecessor-version":[{"id":1113,"href":"https:\/\/verbilogic.com\/de\/wp-json\/wp\/v2\/pages\/73\/revisions\/1113"}],"wp:attachment":[{"href":"https:\/\/verbilogic.com\/de\/wp-json\/wp\/v2\/media?parent=73"}],"curies":[{"name":"wp","href":"https:\/\/api.w.org\/{rel}","templated":true}]}}